{"id":546,"date":"2016-03-29T16:45:27","date_gmt":"2016-03-29T16:45:27","guid":{"rendered":"http:\/\/eugeniosantos.com\/nuevaeses\/en\/?page_id=546"},"modified":"2023-06-01T10:04:29","modified_gmt":"2023-06-01T10:04:29","slug":"manufacturing-aerosols-liquids-contract-filling","status":"publish","type":"page","link":"https:\/\/eugeniosantos.com\/en\/manufacturing-aerosols-liquids-contract-filling\/","title":{"rendered":"MANUFACTURING"},"content":{"rendered":"<div class=\"fusion-fullwidth fullwidth-box fusion-builder-row-1 nonhundred-percent-fullwidth non-hundred-percent-height-scrolling\" style=\"background-color: rgba(255,255,255,0);background-position: left top;background-repeat: no-repeat;padding-top:20px;padding-right:0px;padding-bottom:20px;padding-left:0px;margin-bottom: 0px;margin-top: 0px;border-width: 0px 0px 0px 0px;border-color:#eae9e9;border-style:solid;\" ><div class=\"fusion-builder-row fusion-row\"><div class=\"fusion-layout-column fusion_builder_column fusion-builder-column-0 fusion_builder_column_1_1 1_1 fusion-one-full fusion-column-first fusion-column-last fusion-column-no-min-height\" style=\"margin-top:0px;margin-bottom:0px;\"><div class=\"fusion-column-wrapper fusion-flex-column-wrapper-legacy\" style=\"background-position:left top;background-repeat:no-repeat;-webkit-background-size:cover;-moz-background-size:cover;-o-background-size:cover;background-size:cover;padding: 0px 0px 0px 0px;\"><style type=\"text\/css\"><\/style><div class=\"fusion-title title fusion-title-1 fusion-sep-none fusion-title-text fusion-title-size-one\" style=\"margin-top:0px;margin-right:0px;margin-bottom:10px.;margin-left:0px;\"><h1 class=\"title-heading-left\" style=\"margin:0;\"><h1>MANUFACTURING<\/h1><\/h1><\/div><div class=\"fusion-clearfix\"><\/div><\/div><\/div><div class=\"fusion-layout-column fusion_builder_column fusion-builder-column-1 fusion_builder_column_2_5 2_5 fusion-two-fifth fusion-column-first\" style=\"width:37.6%; margin-right: 4%;margin-top:20px;margin-bottom:10px;\"><div class=\"fusion-column-wrapper fusion-flex-column-wrapper-legacy\" style=\"background-position:left top;background-repeat:no-repeat;-webkit-background-size:cover;-moz-background-size:cover;-o-background-size:cover;background-size:cover;padding: 0px 0px 0px 0px;\"><div class=\"fusion-text fusion-text-1\"><p style=\"text-align: justify;\"><span class=\"txt\">There are <strong>2 mixing rooms<\/strong><\/span><span class=\"Estilo4\">,<\/span><span class=\"txt\"> one for <strong>Personal Care<\/strong> products and other for <strong>the rest of products<\/strong>. The bulk is manufactured according to the procedures required by customers.<\/span><\/p>\n<p style=\"text-align: justify;\">All the <strong>vessels<\/strong>, as well as <strong>cleaning tools<\/strong> are\u00a0<strong>divided by product categories<\/strong> in such a way that the cross contamination is avoided.<\/p>\n<p style=\"text-align: justify;\">The rooms are equipped with <strong>mixing tanks<\/strong> and\u00a0<strong>reactors<\/strong> for <strong>hot formulations<\/strong> and with <strong>maximum agitation<\/strong>. There are also small volume vessels which give more <strong>flexibility<\/strong> to attend less quantities.<\/p>\n<p style=\"text-align: justify;\">There are <strong>storage areas<\/strong> for a good conservation of the <strong>bulks<\/strong> before the filling process.<\/p>\n<\/div><div class=\"fusion-clearfix\"><\/div><\/div><\/div><div class=\"fusion-layout-column fusion_builder_column fusion-builder-column-2 fusion_builder_column_3_5 3_5 fusion-three-fifth fusion-column-last\" style=\"width:58.4%;margin-top:20px;margin-bottom:10px;\"><div class=\"fusion-column-wrapper fusion-flex-column-wrapper-legacy\" style=\"background-position:left top;background-repeat:no-repeat;-webkit-background-size:cover;-moz-background-size:cover;-o-background-size:cover;background-size:cover;padding: 0px 0px 0px 0px;\">\n<div class=\"fusion-slider-revolution rev_slider_wrapper\">\t\t\t<!-- START MANUFACTURING REVOLUTION SLIDER 6.6.5 --><p class=\"rs-p-wp-fix\"><\/p>\n\t\t\t<rs-module-wrap id=\"rev_slider_12_1_wrapper\" data-source=\"gallery\" style=\"visibility:hidden;background:#bdc8d4;padding:;margin:0px auto;margin-top:0;margin-bottom:0;\">\n\t\t\t\t<rs-module id=\"rev_slider_12_1\" style=\"\" data-version=\"6.6.5\">\n\t\t\t\t\t<rs-slides style=\"overflow: hidden; position: absolute;\">\n\t\t\t\t\t\t<rs-slide style=\"position: absolute;\" data-key=\"rs-63\" data-title=\"Slide\" data-anim=\"adpr:false;\" data-in=\"o:0;\" data-out=\"a:false;\">\n\t\t\t\t\t\t\t<img decoding=\"async\" src=\"\/\/eugeniosantos.com\/wp-content\/plugins\/revslider\/public\/assets\/assets\/dummy.png\" alt=\"Fabricaci\u00f3n ESES. Eugenio Santos. Envasado de Aerosoles y L\u00edquidos. Cosm\u00e9tica.\" title=\"Fabricaci\u00f3n ESES. Eugenio Santos. Envasado de Aerosoles y L\u00edquidos.\" width=\"650\" height=\"465\" class=\"rev-slidebg tp-rs-img rs-lazyload\" data-lazyload=\"\/\/eugeniosantos.com\/wp-content\/uploads\/fabricacion-eses-eugenio-santos-cosmetica-01.jpg\" data-no-retina>\n<!--\n\t\t\t\t\t\t\t--><rs-layer\n\t\t\t\t\t\t\t\tid=\"slider-12-slide-63-layer-1\" \n\t\t\t\t\t\t\t\tclass=\"largewhitebg\"\n\t\t\t\t\t\t\t\tdata-type=\"text\"\n\t\t\t\t\t\t\t\tdata-color=\"rgba(52,70,99,1)\"\n\t\t\t\t\t\t\t\tdata-rsp_ch=\"on\"\n\t\t\t\t\t\t\t\tdata-xy=\"x:c;\"\n\t\t\t\t\t\t\t\tdata-text=\"w:normal;s:15;l:30;fw:100;\"\n\t\t\t\t\t\t\t\tdata-dim=\"w:662px;h:31px;\"\n\t\t\t\t\t\t\t\tdata-padding=\"r:20;l:20;\"\n\t\t\t\t\t\t\t\tdata-frame_1=\"e:power2.inOut;st:500;\"\n\t\t\t\t\t\t\t\tdata-frame_999=\"o:0;e:nothing;st:w;\"\n\t\t\t\t\t\t\t\tstyle=\"z-index:5;background-color:rgba(255,255,255,1);font-family:'Arial', 'Helvetica', 'sans-serif';position:absolute;-webkit-border-radius:0px;-moz-border-radius:0px;\"\n\t\t\t\t\t\t\t>PERSONAL CARE MANUFACTURING. Personal Care mixing room \n\t\t\t\t\t\t\t<\/rs-layer><!--\n-->\t\t\t\t\t\t<\/rs-slide>\n\t\t\t\t\t\t<rs-slide style=\"position: absolute;\" data-key=\"rs-64\" data-title=\"Slide\" data-anim=\"adpr:false;\" data-in=\"o:0;\" data-out=\"a:false;\">\n\t\t\t\t\t\t\t<img decoding=\"async\" src=\"\/\/eugeniosantos.com\/wp-content\/plugins\/revslider\/public\/assets\/assets\/dummy.png\" alt=\"\" title=\"fabricacion-eses-eugenio-santos-cosmetica-02\" width=\"650\" height=\"465\" class=\"rev-slidebg tp-rs-img rs-lazyload\" data-lazyload=\"\/\/eugeniosantos.com\/wp-content\/uploads\/fabricacion-eses-eugenio-santos-cosmetica-02.jpg\" data-no-retina>\n<!--\n\t\t\t\t\t\t\t--><rs-layer\n\t\t\t\t\t\t\t\tid=\"slider-12-slide-64-layer-1\" \n\t\t\t\t\t\t\t\tclass=\"largewhitebg\"\n\t\t\t\t\t\t\t\tdata-type=\"text\"\n\t\t\t\t\t\t\t\tdata-color=\"rgba(52,70,99,1)\"\n\t\t\t\t\t\t\t\tdata-rsp_ch=\"on\"\n\t\t\t\t\t\t\t\tdata-xy=\"x:c;y:-1px;\"\n\t\t\t\t\t\t\t\tdata-text=\"w:normal;s:15;l:30;fw:100;\"\n\t\t\t\t\t\t\t\tdata-dim=\"w:659px;h:32px;\"\n\t\t\t\t\t\t\t\tdata-padding=\"r:20;l:20;\"\n\t\t\t\t\t\t\t\tdata-frame_1=\"e:power2.inOut;st:500;\"\n\t\t\t\t\t\t\t\tdata-frame_999=\"o:0;e:nothing;st:w;\"\n\t\t\t\t\t\t\t\tstyle=\"z-index:5;background-color:rgba(255,255,255,1);font-family:'Arial', 'Helvetica', 'sans-serif';position:absolute;-webkit-border-radius:0px;-moz-border-radius:0px;\"\n\t\t\t\t\t\t\t>PERSONAL CARE MANUFACTURING. Personal Care mixing room \n\t\t\t\t\t\t\t<\/rs-layer><!--\n-->\t\t\t\t\t\t<\/rs-slide>\n\t\t\t\t\t\t<rs-slide style=\"position: absolute;\" data-key=\"rs-65\" data-title=\"Slide\" data-anim=\"adpr:false;\" data-in=\"o:0;\" data-out=\"a:false;\">\n\t\t\t\t\t\t\t<img decoding=\"async\" src=\"\/\/eugeniosantos.com\/wp-content\/plugins\/revslider\/public\/assets\/assets\/dummy.png\" alt=\"Fabricaci\u00f3n ESES. Eugenio Santos. Envasado de Aerosoles y L\u00edquidos.\" title=\"Fabricaci\u00f3n ESES. Eugenio Santos. Envasado de Aerosoles y L\u00edquidos.\" width=\"650\" height=\"465\" class=\"rev-slidebg tp-rs-img rs-lazyload\" data-lazyload=\"\/\/eugeniosantos.com\/wp-content\/uploads\/fabricacion-eses-03.jpg\" data-no-retina>\n<!--\n\t\t\t\t\t\t\t--><rs-layer\n\t\t\t\t\t\t\t\tid=\"slider-12-slide-65-layer-1\" \n\t\t\t\t\t\t\t\tclass=\"largewhitebg\"\n\t\t\t\t\t\t\t\tdata-type=\"text\"\n\t\t\t\t\t\t\t\tdata-color=\"rgba(52,70,99,1)\"\n\t\t\t\t\t\t\t\tdata-rsp_ch=\"on\"\n\t\t\t\t\t\t\t\tdata-xy=\"x:c;\"\n\t\t\t\t\t\t\t\tdata-text=\"w:normal;s:15;l:30;fw:100;\"\n\t\t\t\t\t\t\t\tdata-dim=\"w:664px;h:31px;\"\n\t\t\t\t\t\t\t\tdata-padding=\"r:20;l:20;\"\n\t\t\t\t\t\t\t\tdata-frame_1=\"e:power2.inOut;st:500;\"\n\t\t\t\t\t\t\t\tdata-frame_999=\"o:0;e:nothing;st:w;\"\n\t\t\t\t\t\t\t\tstyle=\"z-index:5;background-color:rgba(255,255,255,1);font-family:'Arial', 'Helvetica', 'sans-serif';position:absolute;-webkit-border-radius:0px;-moz-border-radius:0px;\"\n\t\t\t\t\t\t\t>HOUSEHOLD MANUFACTURING. Part of the Non-Cosmetics mixing room. \n\t\t\t\t\t\t\t<\/rs-layer><!--\n-->\t\t\t\t\t\t<\/rs-slide>\n\t\t\t\t\t\t<rs-slide style=\"position: absolute;\" data-key=\"rs-66\" data-title=\"Slide\" data-anim=\"adpr:false;\" data-in=\"o:0;\" data-out=\"a:false;\">\n\t\t\t\t\t\t\t<img decoding=\"async\" src=\"\/\/eugeniosantos.com\/wp-content\/plugins\/revslider\/public\/assets\/assets\/dummy.png\" alt=\"Fabricaci\u00f3n ESES. Eugenio Santos. Envasado de Aerosoles y L\u00edquidos.\" title=\"Fabricaci\u00f3n ESES. Eugenio Santos. Envasado de Aerosoles y L\u00edquidos.\" width=\"650\" height=\"465\" class=\"rev-slidebg tp-rs-img rs-lazyload\" data-lazyload=\"\/\/eugeniosantos.com\/wp-content\/uploads\/fabricacion-eses-04.jpg\" data-no-retina>\n<!--\n\t\t\t\t\t\t\t--><rs-layer\n\t\t\t\t\t\t\t\tid=\"slider-12-slide-66-layer-1\" \n\t\t\t\t\t\t\t\tclass=\"largewhitebg\"\n\t\t\t\t\t\t\t\tdata-type=\"text\"\n\t\t\t\t\t\t\t\tdata-color=\"rgba(52,70,99,1)\"\n\t\t\t\t\t\t\t\tdata-rsp_ch=\"on\"\n\t\t\t\t\t\t\t\tdata-xy=\"x:c;\"\n\t\t\t\t\t\t\t\tdata-text=\"w:normal;s:15;l:30;fw:100;\"\n\t\t\t\t\t\t\t\tdata-dim=\"w:667px;h:30px;\"\n\t\t\t\t\t\t\t\tdata-padding=\"r:20;l:20;\"\n\t\t\t\t\t\t\t\tdata-frame_1=\"e:power2.inOut;st:500;\"\n\t\t\t\t\t\t\t\tdata-frame_999=\"o:0;e:nothing;st:w;\"\n\t\t\t\t\t\t\t\tstyle=\"z-index:5;background-color:rgba(255,255,255,1);font-family:'Arial', 'Helvetica', 'sans-serif';position:absolute;-webkit-border-radius:0px;-moz-border-radius:0px;\"\n\t\t\t\t\t\t\t>HOUSEHOLD MANUFACTURING. Mixing tanks. \n\t\t\t\t\t\t\t<\/rs-layer><!--\n-->\t\t\t\t\t\t<\/rs-slide>\n\t\t\t\t\t<\/rs-slides>\n\t\t\t\t<\/rs-module>\n\t\t\t\t<script>\n\t\t\t\t\tsetREVStartSize({c: 'rev_slider_12_1',rl:[1240,1024,778,480],el:[465],gw:[650],gh:[465],type:'standard',justify:'',layout:'fullwidth',mh:\"0\"});if (window.RS_MODULES!==undefined && window.RS_MODULES.modules!==undefined && window.RS_MODULES.modules[\"revslider121\"]!==undefined) {window.RS_MODULES.modules[\"revslider121\"].once = false;window.revapi12 = undefined;if (window.RS_MODULES.checkMinimal!==undefined) window.RS_MODULES.checkMinimal()}\n\t\t\t\t<\/script>\n\t\t\t<\/rs-module-wrap>\n\t\t\t<!-- END REVOLUTION SLIDER -->\n<\/div><div class=\"fusion-clearfix\"><\/div><\/div><\/div><div class=\"fusion-layout-column fusion_builder_column fusion-builder-column-3 fusion_builder_column_1_3 1_3 fusion-one-third fusion-column-first\" style=\"width:30.6666%; margin-right: 4%;margin-top:20px;margin-bottom:10px;\"><div class=\"fusion-column-wrapper fusion-flex-column-wrapper-legacy\" style=\"background-position:left top;background-repeat:no-repeat;-webkit-background-size:cover;-moz-background-size:cover;-o-background-size:cover;background-size:cover;padding: 0px 0px 0px 0px;\"><div class=\"imageframe-align-center\"><style>.element-bottomshadow.imageframe-1:before, .element-bottomshadow.imageframe-1:after{-webkit-box-shadow: 0 17px 10px rgba(0,0,0,0.4);box-shadow: 0 17px 10px rgba(0,0,0,0.4);}<\/style><div class=\"awb-image-frame awb-image-frame-1 imageframe-liftup fusion-image-frame-bottomshadow image-frame-shadow-1\"><span class=\" fusion-imageframe imageframe-bottomshadow imageframe-1 element-bottomshadow\"><a class=\"fusion-no-lightbox\" href=\"http:\/\/eugeniosantos.com\/en\/products-aerosols-liquids-contract-filling\" target=\"_self\"><img decoding=\"async\" alt=\"Productos\" src=\"http:\/\/eugeniosantos.com\/wp-content\/uploads\/productos-envasado-aerosoles.jpg\" class=\"img-responsive\"\/><\/a><\/span><\/div><\/div><div class=\"fusion-sep-clear\"><\/div><div class=\"fusion-separator fusion-full-width-sep\" style=\"margin-left: auto;margin-right: auto;margin-top:25px;width:100%;\"><\/div><div class=\"fusion-sep-clear\"><\/div><div class=\"fusion-text fusion-text-2\"><h2><a href=\"http:\/\/eugeniosantos.com\/en\/products-aerosols-liquids-contract-filling\">PRODUCTS<\/a><\/h2>\n<p>Aerosol and liquid filling for Body care, Household, Industrials \u2026<\/p>\n<\/div><div class=\"fusion-clearfix\"><\/div><\/div><\/div><div class=\"fusion-layout-column fusion_builder_column fusion-builder-column-4 fusion_builder_column_1_3 1_3 fusion-one-third\" style=\"width:30.6666%; margin-right: 4%;margin-top:20px;margin-bottom:10px;\"><div class=\"fusion-column-wrapper fusion-flex-column-wrapper-legacy\" style=\"background-position:left top;background-repeat:no-repeat;-webkit-background-size:cover;-moz-background-size:cover;-o-background-size:cover;background-size:cover;padding: 0px 0px 0px 0px;\"><div class=\"imageframe-align-center\"><style>.element-bottomshadow.imageframe-2:before, .element-bottomshadow.imageframe-2:after{-webkit-box-shadow: 0 17px 10px rgba(0,0,0,0.4);box-shadow: 0 17px 10px rgba(0,0,0,0.4);}<\/style><div class=\"awb-image-frame awb-image-frame-2 imageframe-liftup fusion-image-frame-bottomshadow image-frame-shadow-2\"><span class=\" fusion-imageframe imageframe-bottomshadow imageframe-2 element-bottomshadow\"><a class=\"fusion-no-lightbox\" href=\"http:\/\/eugeniosantos.com\/en\/services-aerosols-liquids-contract-filling\" target=\"_self\"><img decoding=\"async\" alt=\"SERVICIOS ESES\" src=\"http:\/\/eugeniosantos.com\/wp-content\/uploads\/servicios-envasado-aerosoles.jpg\" class=\"img-responsive\"\/><\/a><\/span><\/div><\/div><div class=\"fusion-sep-clear\"><\/div><div class=\"fusion-separator fusion-full-width-sep\" style=\"margin-left: auto;margin-right: auto;margin-top:25px;width:100%;\"><\/div><div class=\"fusion-sep-clear\"><\/div><div class=\"fusion-text fusion-text-3\"><h2><a href=\"http:\/\/eugeniosantos.com\/en\/services-aerosols-liquids-contract-filling\">SERVICES<\/a><\/h2>\n<p>We offer a customized service, from just the filling process to the Full service.<\/p>\n<\/div><div class=\"fusion-clearfix\"><\/div><\/div><\/div><div class=\"fusion-layout-column fusion_builder_column fusion-builder-column-5 fusion_builder_column_1_3 1_3 fusion-one-third fusion-column-last\" style=\"width:30.6666%;margin-top:20px;margin-bottom:10px;\"><div class=\"fusion-column-wrapper fusion-flex-column-wrapper-legacy\" style=\"background-position:left top;background-repeat:no-repeat;-webkit-background-size:cover;-moz-background-size:cover;-o-background-size:cover;background-size:cover;padding: 0px 0px 0px 0px;\"><div class=\"imageframe-align-center\"><style>.element-bottomshadow.imageframe-3:before, .element-bottomshadow.imageframe-3:after{-webkit-box-shadow: 0 17px 10px rgba(0,0,0,0.4);box-shadow: 0 17px 10px rgba(0,0,0,0.4);}<\/style><div class=\"awb-image-frame awb-image-frame-3 imageframe-liftup fusion-image-frame-bottomshadow image-frame-shadow-3\"><span class=\" fusion-imageframe imageframe-bottomshadow imageframe-3 element-bottomshadow\"><a class=\"fusion-no-lightbox\" href=\"http:\/\/eugeniosantos.com\/en\/quality-aerosols-liquids-contract-filling\" target=\"_self\" aria-label=\"ESES. Eugenio Santos. Envasado de Aerosoles y L\u00edquidos. Calidad SGS. Certificaci\u00f3n IFS &#8211; HPC\"><img decoding=\"async\" width=\"337\" height=\"216\" alt=\"Calidad ESES\" src=\"https:\/\/eugeniosantos.com\/wp-content\/uploads\/calidad-sgs-ifs-envasado-aerosoles.jpg\" class=\"img-responsive wp-image-936\" srcset=\"https:\/\/eugeniosantos.com\/wp-content\/uploads\/calidad-sgs-ifs-envasado-aerosoles-300x192.jpg 300w, https:\/\/eugeniosantos.com\/wp-content\/uploads\/calidad-sgs-ifs-envasado-aerosoles.jpg 337w\" sizes=\"(max-width: 337px) 100vw, 337px\" \/><\/a><\/span><\/div><\/div><div class=\"fusion-sep-clear\"><\/div><div class=\"fusion-separator fusion-full-width-sep\" style=\"margin-left: auto;margin-right: auto;margin-top:25px;width:100%;\"><\/div><div class=\"fusion-sep-clear\"><\/div><div class=\"fusion-text fusion-text-4\"><h2><a href=\"http:\/\/eugeniosantos.com\/en\/quality-aerosols-liquids-contract-filling\">QUALITY<\/a><\/h2>\n<p>Quality is a priority in the ESES activities.<\/p>\n<\/div><div class=\"fusion-clearfix\"><\/div><\/div><\/div><\/div><\/div>\n","protected":false},"excerpt":{"rendered":"","protected":false},"author":1,"featured_media":0,"parent":0,"menu_order":5,"comment_status":"closed","ping_status":"closed","template":"","meta":{"footnotes":""},"class_list":["post-546","page","type-page","status-publish","hentry"],"_links":{"self":[{"href":"https:\/\/eugeniosantos.com\/en\/wp-json\/wp\/v2\/pages\/546","targetHints":{"allow":["GET"]}}],"collection":[{"href":"https:\/\/eugeniosantos.com\/en\/wp-json\/wp\/v2\/pages"}],"about":[{"href":"https:\/\/eugeniosantos.com\/en\/wp-json\/wp\/v2\/types\/page"}],"author":[{"embeddable":true,"href":"https:\/\/eugeniosantos.com\/en\/wp-json\/wp\/v2\/users\/1"}],"replies":[{"embeddable":true,"href":"https:\/\/eugeniosantos.com\/en\/wp-json\/wp\/v2\/comments?post=546"}],"version-history":[{"count":10,"href":"https:\/\/eugeniosantos.com\/en\/wp-json\/wp\/v2\/pages\/546\/revisions"}],"predecessor-version":[{"id":1002,"href":"https:\/\/eugeniosantos.com\/en\/wp-json\/wp\/v2\/pages\/546\/revisions\/1002"}],"wp:attachment":[{"href":"https:\/\/eugeniosantos.com\/en\/wp-json\/wp\/v2\/media?parent=546"}],"curies":[{"name":"wp","href":"https:\/\/api.w.org\/{rel}","templated":true}]}}